{"id":3181,"date":"2024-03-20T13:43:34","date_gmt":"2024-03-20T13:43:34","guid":{"rendered":"https:\/\/lahacienditadelcarmen.com\/venta-de-productos\/"},"modified":"2024-09-09T11:38:49","modified_gmt":"2024-09-09T11:38:49","slug":"sale-of-organic-products","status":"publish","type":"page","link":"https:\/\/lahacienditadelcarmen.com\/en\/sale-of-organic-products\/","title":{"rendered":"Sale of organic products"},"content":{"rendered":"\t\t<div data-elementor-type=\"wp-page\" data-elementor-id=\"3181\" class=\"elementor elementor-3181 elementor-2505\" data-elementor-post-type=\"page\">\n\t\t\t\t\t\t<section class=\"elementor-section elementor-top-section elementor-element elementor-element-60ef74c0 elementor-section-boxed elementor-section-height-default elementor-section-height-default\" data-id=\"60ef74c0\" data-element_type=\"section\" data-e-type=\"section\" data-settings=\"{&quot;background_background&quot;:&quot;classic&quot;}\">\n\t\t\t\t\t\t\t<div class=\"elementor-background-overlay\"><\/div>\n\t\t\t\t\t\t\t<div class=\"elementor-container elementor-column-gap-default\">\n\t\t\t\t\t<div class=\"elementor-column elementor-col-100 elementor-top-column elementor-element elementor-element-7411cf75\" data-id=\"7411cf75\" data-element_type=\"column\" data-e-type=\"column\">\n\t\t\t<div class=\"elementor-widget-wrap elementor-element-populated\">\n\t\t\t\t\t\t<div class=\"elementor-element elementor-element-5fb48721 elementor-widget elementor-widget-heading\" data-id=\"5fb48721\" data-element_type=\"widget\" data-e-type=\"widget\" data-widget_type=\"heading.default\">\n\t\t\t\t<div class=\"elementor-widget-container\">\n\t\t\t\t\t<h1 class=\"elementor-heading-title elementor-size-default\">Sale of organic products<\/h1>\t\t\t\t<\/div>\n\t\t\t\t<\/div>\n\t\t\t\t\t<\/div>\n\t\t<\/div>\n\t\t\t\t\t<\/div>\n\t\t<\/section>\n\t\t\t\t<section class=\"elementor-section elementor-top-section elementor-element elementor-element-696b70f7 elementor-section-boxed elementor-section-height-default elementor-section-height-default\" data-id=\"696b70f7\" data-element_type=\"section\" data-e-type=\"section\" data-settings=\"{&quot;background_background&quot;:&quot;classic&quot;}\">\n\t\t\t\t\t\t<div class=\"elementor-container elementor-column-gap-default\">\n\t\t\t\t\t<div class=\"elementor-column elementor-col-100 elementor-top-column elementor-element elementor-element-39858639\" data-id=\"39858639\" data-element_type=\"column\" data-e-type=\"column\">\n\t\t\t<div class=\"elementor-widget-wrap elementor-element-populated\">\n\t\t\t\t\t\t<section class=\"elementor-section elementor-inner-section elementor-element elementor-element-391031fa elementor-section-boxed elementor-section-height-default elementor-section-height-default\" data-id=\"391031fa\" data-element_type=\"section\" data-e-type=\"section\">\n\t\t\t\t\t\t<div class=\"elementor-container elementor-column-gap-default\">\n\t\t\t\t\t<div class=\"elementor-column elementor-col-50 elementor-inner-column elementor-element elementor-element-1eb05ddc\" data-id=\"1eb05ddc\" data-element_type=\"column\" data-e-type=\"column\">\n\t\t\t<div class=\"elementor-widget-wrap elementor-element-populated\">\n\t\t\t\t\t\t<div class=\"elementor-element elementor-element-90f9e53 elementor-widget elementor-widget-heading\" data-id=\"90f9e53\" data-element_type=\"widget\" data-e-type=\"widget\" data-widget_type=\"heading.default\">\n\t\t\t\t<div class=\"elementor-widget-container\">\n\t\t\t\t\t<h2 class=\"elementor-heading-title elementor-size-default\">Let yourself be seduced by the freshness and quality of our seasonal, 100% organic products!<\/h2>\t\t\t\t<\/div>\n\t\t\t\t<\/div>\n\t\t\t\t<div class=\"elementor-element elementor-element-df2c7fa elementor-widget elementor-widget-image-gallery\" data-id=\"df2c7fa\" data-element_type=\"widget\" data-e-type=\"widget\" data-widget_type=\"image-gallery.default\">\n\t\t\t\t<div class=\"elementor-widget-container\">\n\t\t\t\t\t\t\t<div class=\"elementor-image-gallery\">\n\t\t\t<div id='gallery-1' class='gallery galleryid-3181 gallery-columns-2 gallery-size-thumbnail'><figure class='gallery-item'>\n\t\t\t<div class='gallery-icon landscape'>\n\t\t\t\t<img decoding=\"async\" width=\"150\" height=\"150\" src=\"https:\/\/lahacienditadelcarmen.com\/wp-content\/uploads\/2024\/03\/globalgap-150x150.jpg\" class=\"attachment-thumbnail size-thumbnail\" alt=\"\" aria-describedby=\"gallery-1-3129\" srcset=\"https:\/\/lahacienditadelcarmen.com\/wp-content\/uploads\/2024\/03\/globalgap-150x150.jpg 150w, https:\/\/lahacienditadelcarmen.com\/wp-content\/uploads\/2024\/03\/globalgap-300x300.jpg 300w, https:\/\/lahacienditadelcarmen.com\/wp-content\/uploads\/2024\/03\/globalgap-45x45.jpg 45w, https:\/\/lahacienditadelcarmen.com\/wp-content\/uploads\/2024\/03\/globalgap.jpg 400w\" sizes=\"(max-width: 150px) 100vw, 150px\" \/>\n\t\t\t<\/div>\n\t\t\t\t<figcaption class='wp-caption-text gallery-caption' id='gallery-1-3129'>\n\t\t\t\tSello ecol\u00f3gico GLOBALG.A.P.\n\t\t\t\t<\/figcaption><\/figure><figure class='gallery-item'>\n\t\t\t<div class='gallery-icon landscape'>\n\t\t\t\t<img decoding=\"async\" width=\"150\" height=\"150\" src=\"https:\/\/lahacienditadelcarmen.com\/wp-content\/uploads\/2024\/03\/productoreseco-150x150.jpg\" class=\"attachment-thumbnail size-thumbnail\" alt=\"\" aria-describedby=\"gallery-1-3128\" srcset=\"https:\/\/lahacienditadelcarmen.com\/wp-content\/uploads\/2024\/03\/productoreseco-150x150.jpg 150w, https:\/\/lahacienditadelcarmen.com\/wp-content\/uploads\/2024\/03\/productoreseco-300x300.jpg 300w, https:\/\/lahacienditadelcarmen.com\/wp-content\/uploads\/2024\/03\/productoreseco-45x45.jpg 45w, https:\/\/lahacienditadelcarmen.com\/wp-content\/uploads\/2024\/03\/productoreseco.jpg 400w\" sizes=\"(max-width: 150px) 100vw, 150px\" \/>\n\t\t\t<\/div>\n\t\t\t\t<figcaption class='wp-caption-text gallery-caption' id='gallery-1-3128'>\n\t\t\t\tSello producci\u00f3n ecol\u00f3gica ES-ECO-014-IC\n\t\t\t\t<\/figcaption><\/figure>\n\t\t<\/div>\n\t\t<\/div>\n\t\t\t\t\t\t<\/div>\n\t\t\t\t<\/div>\n\t\t\t\t<div class=\"elementor-element elementor-element-e18bb48 elementor-widget elementor-widget-image\" data-id=\"e18bb48\" data-element_type=\"widget\" data-e-type=\"widget\" data-widget_type=\"image.default\">\n\t\t\t\t<div class=\"elementor-widget-container\">\n\t\t\t\t\t\t\t\t\t\t\t\t\t\t\t<img fetchpriority=\"high\" decoding=\"async\" width=\"1024\" height=\"997\" src=\"https:\/\/lahacienditadelcarmen.com\/wp-content\/uploads\/2024\/03\/venta-1024x997.jpg\" class=\"attachment-large size-large wp-image-3119\" alt=\"\" srcset=\"https:\/\/lahacienditadelcarmen.com\/wp-content\/uploads\/2024\/03\/venta-1024x997.jpg 1024w, https:\/\/lahacienditadelcarmen.com\/wp-content\/uploads\/2024\/03\/venta-300x292.jpg 300w, https:\/\/lahacienditadelcarmen.com\/wp-content\/uploads\/2024\/03\/venta-768x748.jpg 768w, https:\/\/lahacienditadelcarmen.com\/wp-content\/uploads\/2024\/03\/venta-45x45.jpg 45w, https:\/\/lahacienditadelcarmen.com\/wp-content\/uploads\/2024\/03\/venta.jpg 1536w\" sizes=\"(max-width: 1024px) 100vw, 1024px\" \/>\t\t\t\t\t\t\t\t\t\t\t\t\t\t\t<\/div>\n\t\t\t\t<\/div>\n\t\t\t\t\t<\/div>\n\t\t<\/div>\n\t\t\t\t<div class=\"elementor-column elementor-col-50 elementor-inner-column elementor-element elementor-element-345e4697\" data-id=\"345e4697\" data-element_type=\"column\" data-e-type=\"column\">\n\t\t\t<div class=\"elementor-widget-wrap elementor-element-populated\">\n\t\t\t\t\t\t<div class=\"elementor-element elementor-element-35c2b86c elementor-widget elementor-widget-text-editor\" data-id=\"35c2b86c\" data-element_type=\"widget\" data-e-type=\"widget\" data-widget_type=\"text-editor.default\">\n\t\t\t\t<div class=\"elementor-widget-container\">\n\t\t\t\t\t\t\t\t\t<h3>Sale of organic products<\/h3><p>At our farm, we take pride in offering a wide range of organic vegetables, from crisp lettuces to juicy tomatoes, as well as a variety of delicious fruits and the natural sweetness of honey. Each of our products is cultivated with care and respect for the environment, ensuring unparalleled quality and flavor.<\/p><p>Additionally, if you are looking to add a touch of color and life to your home or garden, don&#8217;t miss our selection of flowers and seedlings. From vibrant daisies to exotic orchids, you will find everything you need to beautify your surroundings. And for those dreaming of growing their own food, we also offer a wide variety of fruit trees, ready to bring the freshness of nature directly to your home.<\/p><h3><br \/>Direct sale of organic products<\/h3><p>Where can you find our products? We have options for you! We offer direct sales of farm products at our facilities, where you can enjoy the unique experience of choosing your own fresh vegetables and fruits. Additionally, you can also find us at the prestigious Bre\u00f1a Alta Market, where you can delight in our selection of organic products and take home the best of our farm.<\/p><p>At La Haciendita del Carmen, we strive to bring you the best of nature in every bite and every flower. Come and discover the difference of organic product sales!<\/p><p>Check what others who have visited us and trust our organic crops have to say.<\/p>\t\t\t\t\t\t\t\t<\/div>\n\t\t\t\t<\/div>\n\t\t\t\t<div class=\"elementor-element elementor-element-71cbb417 elementor-align-center elementor-widget elementor-widget-button\" data-id=\"71cbb417\" data-element_type=\"widget\" data-e-type=\"widget\" data-widget_type=\"button.default\">\n\t\t\t\t<div class=\"elementor-widget-container\">\n\t\t\t\t\t\t\t\t\t<div class=\"elementor-button-wrapper\">\n\t\t\t\t\t<a class=\"elementor-button elementor-button-link elementor-size-sm\" href=\"https:\/\/lahacienditadelcarmen.com\/en\/contact-ecofinca\/\">\n\t\t\t\t\t\t<span class=\"elementor-button-content-wrapper\">\n\t\t\t\t\t\t\t\t\t<span class=\"elementor-button-text\">Contact<\/span>\n\t\t\t\t\t<\/span>\n\t\t\t\t\t<\/a>\n\t\t\t\t<\/div>\n\t\t\t\t\t\t\t\t<\/div>\n\t\t\t\t<\/div>\n\t\t\t\t\t<\/div>\n\t\t<\/div>\n\t\t\t\t\t<\/div>\n\t\t<\/section>\n\t\t\t\t\t<\/div>\n\t\t<\/div>\n\t\t\t\t\t<\/div>\n\t\t<\/section>\n\t\t<div class=\"elementor-element elementor-element-2e93131e e-flex e-con-boxed e-con e-parent\" data-id=\"2e93131e\" data-element_type=\"container\" data-e-type=\"container\">\n\t\t\t\t\t<div class=\"e-con-inner\">\n\t\t\t\t<div class=\"elementor-element elementor-element-38ee9d5b elementor-widget elementor-widget-image-gallery\" data-id=\"38ee9d5b\" data-element_type=\"widget\" data-e-type=\"widget\" data-widget_type=\"image-gallery.default\">\n\t\t\t\t<div class=\"elementor-widget-container\">\n\t\t\t\t\t\t\t<div class=\"elementor-image-gallery\">\n\t\t\t<div id='gallery-2' class='gallery galleryid-3181 gallery-columns-3 gallery-size-trobica-related-post'><figure class='gallery-item'>\n\t\t\t<div class='gallery-icon landscape'>\n\t\t\t\t<a data-elementor-open-lightbox=\"yes\" data-elementor-lightbox-slideshow=\"38ee9d5b\" data-elementor-lightbox-title=\"fruta-tropical\" data-e-action-hash=\"#elementor-action%3Aaction%3Dlightbox%26settings%3DeyJpZCI6MzEzMCwidXJsIjoiaHR0cHM6XC9cL2xhaGFjaWVuZGl0YWRlbGNhcm1lbi5jb21cL3dwLWNvbnRlbnRcL3VwbG9hZHNcLzIwMjRcLzAzXC9mcnV0YS10cm9waWNhbC5qcGciLCJzbGlkZXNob3ciOiIzOGVlOWQ1YiJ9\" href='https:\/\/lahacienditadelcarmen.com\/wp-content\/uploads\/2024\/03\/fruta-tropical.jpg'><img loading=\"lazy\" decoding=\"async\" width=\"500\" height=\"300\" src=\"https:\/\/lahacienditadelcarmen.com\/wp-content\/uploads\/2024\/03\/fruta-tropical-500x300.jpg\" class=\"attachment-trobica-related-post size-trobica-related-post\" alt=\"\" \/><\/a>\n\t\t\t<\/div><\/figure><figure class='gallery-item'>\n\t\t\t<div class='gallery-icon landscape'>\n\t\t\t\t<a data-elementor-open-lightbox=\"yes\" data-elementor-lightbox-slideshow=\"38ee9d5b\" data-elementor-lightbox-title=\"fruta.2\" data-e-action-hash=\"#elementor-action%3Aaction%3Dlightbox%26settings%3DeyJpZCI6MzEzMSwidXJsIjoiaHR0cHM6XC9cL2xhaGFjaWVuZGl0YWRlbGNhcm1lbi5jb21cL3dwLWNvbnRlbnRcL3VwbG9hZHNcLzIwMjRcLzAzXC9mcnV0YS4yLmpwZyIsInNsaWRlc2hvdyI6IjM4ZWU5ZDViIn0%3D\" href='https:\/\/lahacienditadelcarmen.com\/wp-content\/uploads\/2024\/03\/fruta.2.jpg'><img loading=\"lazy\" decoding=\"async\" width=\"500\" height=\"300\" src=\"https:\/\/lahacienditadelcarmen.com\/wp-content\/uploads\/2024\/03\/fruta.2-500x300.jpg\" class=\"attachment-trobica-related-post size-trobica-related-post\" alt=\"\" \/><\/a>\n\t\t\t<\/div><\/figure><figure class='gallery-item'>\n\t\t\t<div class='gallery-icon landscape'>\n\t\t\t\t<a data-elementor-open-lightbox=\"yes\" data-elementor-lightbox-slideshow=\"38ee9d5b\" data-elementor-lightbox-title=\"fruta\" data-e-action-hash=\"#elementor-action%3Aaction%3Dlightbox%26settings%3DeyJpZCI6MzEzMiwidXJsIjoiaHR0cHM6XC9cL2xhaGFjaWVuZGl0YWRlbGNhcm1lbi5jb21cL3dwLWNvbnRlbnRcL3VwbG9hZHNcLzIwMjRcLzAzXC9mcnV0YS5qcGciLCJzbGlkZXNob3ciOiIzOGVlOWQ1YiJ9\" href='https:\/\/lahacienditadelcarmen.com\/wp-content\/uploads\/2024\/03\/fruta.jpg'><img loading=\"lazy\" decoding=\"async\" width=\"500\" height=\"300\" src=\"https:\/\/lahacienditadelcarmen.com\/wp-content\/uploads\/2024\/03\/fruta-500x300.jpg\" class=\"attachment-trobica-related-post size-trobica-related-post\" alt=\"\" \/><\/a>\n\t\t\t<\/div><\/figure><figure class='gallery-item'>\n\t\t\t<div class='gallery-icon landscape'>\n\t\t\t\t<a data-elementor-open-lightbox=\"yes\" data-elementor-lightbox-slideshow=\"38ee9d5b\" data-elementor-lightbox-title=\"Pl\u00e1tanos ecol\u00f3gicos, Ecofinca Haciendita el Carmen\" data-e-action-hash=\"#elementor-action%3Aaction%3Dlightbox%26settings%3DeyJpZCI6MzEzMywidXJsIjoiaHR0cHM6XC9cL2xhaGFjaWVuZGl0YWRlbGNhcm1lbi5jb21cL3dwLWNvbnRlbnRcL3VwbG9hZHNcLzIwMjRcLzAzXC9wbGF0YW5vcy5qcGciLCJzbGlkZXNob3ciOiIzOGVlOWQ1YiJ9\" data-elementor-lightbox-description=\"Pl\u00e1tanos ecol\u00f3gicos, Ecofinca Haciendita el Carmen\" href='https:\/\/lahacienditadelcarmen.com\/wp-content\/uploads\/2024\/03\/platanos.jpg'><img loading=\"lazy\" decoding=\"async\" width=\"500\" height=\"300\" src=\"https:\/\/lahacienditadelcarmen.com\/wp-content\/uploads\/2024\/03\/platanos-500x300.jpg\" class=\"attachment-trobica-related-post size-trobica-related-post\" alt=\"\" aria-describedby=\"gallery-2-3133\" \/><\/a>\n\t\t\t<\/div>\n\t\t\t\t<figcaption class='wp-caption-text gallery-caption' id='gallery-2-3133'>\n\t\t\t\tPl\u00e1tanos ecol\u00f3gicos, Ecofinca Haciendita el Carmen\n\t\t\t\t<\/figcaption><\/figure><figure class='gallery-item'>\n\t\t\t<div class='gallery-icon landscape'>\n\t\t\t\t<a data-elementor-open-lightbox=\"yes\" data-elementor-lightbox-slideshow=\"38ee9d5b\" data-elementor-lightbox-title=\"Aguacates ecol\u00f3gicos, Ecofinca Haciendita el Carmen\" data-e-action-hash=\"#elementor-action%3Aaction%3Dlightbox%26settings%3DeyJpZCI6MzEzNCwidXJsIjoiaHR0cHM6XC9cL2xhaGFjaWVuZGl0YWRlbGNhcm1lbi5jb21cL3dwLWNvbnRlbnRcL3VwbG9hZHNcLzIwMjRcLzAzXC9hZ3VhY2F0ZXMtZWNvbG9naWNvcy5qcGciLCJzbGlkZXNob3ciOiIzOGVlOWQ1YiJ9\" data-elementor-lightbox-description=\"Aguacates ecol\u00f3gicos, Ecofinca Haciendita el Carmen\" href='https:\/\/lahacienditadelcarmen.com\/wp-content\/uploads\/2024\/03\/aguacates-ecologicos.jpg'><img loading=\"lazy\" decoding=\"async\" width=\"500\" height=\"300\" src=\"https:\/\/lahacienditadelcarmen.com\/wp-content\/uploads\/2024\/03\/aguacates-ecologicos-500x300.jpg\" class=\"attachment-trobica-related-post size-trobica-related-post\" alt=\"\" aria-describedby=\"gallery-2-3134\" \/><\/a>\n\t\t\t<\/div>\n\t\t\t\t<figcaption class='wp-caption-text gallery-caption' id='gallery-2-3134'>\n\t\t\t\tAguacates ecol\u00f3gicos, Ecofinca Haciendita el Carmen\n\t\t\t\t<\/figcaption><\/figure><figure class='gallery-item'>\n\t\t\t<div class='gallery-icon landscape'>\n\t\t\t\t<a data-elementor-open-lightbox=\"yes\" data-elementor-lightbox-slideshow=\"38ee9d5b\" data-elementor-lightbox-title=\"El noni, la fruta con un listado infinito de beneficios para la salud\" data-e-action-hash=\"#elementor-action%3Aaction%3Dlightbox%26settings%3DeyJpZCI6MzEzNSwidXJsIjoiaHR0cHM6XC9cL2xhaGFjaWVuZGl0YWRlbGNhcm1lbi5jb21cL3dwLWNvbnRlbnRcL3VwbG9hZHNcLzIwMjRcLzAzXC9wcm9kdWN0b3MtZWNvbG9naWNvcy1sYXBhbG1hLmpwZyIsInNsaWRlc2hvdyI6IjM4ZWU5ZDViIn0%3D\" data-elementor-lightbox-description=\"El noni, la fruta con un listado infinito de beneficios para la salud\" href='https:\/\/lahacienditadelcarmen.com\/wp-content\/uploads\/2024\/03\/productos-ecologicos-lapalma.jpg'><img loading=\"lazy\" decoding=\"async\" width=\"500\" height=\"300\" src=\"https:\/\/lahacienditadelcarmen.com\/wp-content\/uploads\/2024\/03\/productos-ecologicos-lapalma-500x300.jpg\" class=\"attachment-trobica-related-post size-trobica-related-post\" alt=\"\" aria-describedby=\"gallery-2-3135\" \/><\/a>\n\t\t\t<\/div>\n\t\t\t\t<figcaption class='wp-caption-text gallery-caption' id='gallery-2-3135'>\n\t\t\t\tEl noni, la fruta con un listado infinito de beneficios para la salud\n\t\t\t\t<\/figcaption><\/figure><figure class='gallery-item'>\n\t\t\t<div class='gallery-icon landscape'>\n\t\t\t\t<a data-elementor-open-lightbox=\"yes\" data-elementor-lightbox-slideshow=\"38ee9d5b\" data-elementor-lightbox-title=\"Mangas ecol\u00f3gicas, Ecofinca Haciendita el Carmen\" data-e-action-hash=\"#elementor-action%3Aaction%3Dlightbox%26settings%3DeyJpZCI6MzEzNiwidXJsIjoiaHR0cHM6XC9cL2xhaGFjaWVuZGl0YWRlbGNhcm1lbi5jb21cL3dwLWNvbnRlbnRcL3VwbG9hZHNcLzIwMjRcLzAzXC9tYW5nYXMuanBnIiwic2xpZGVzaG93IjoiMzhlZTlkNWIifQ%3D%3D\" data-elementor-lightbox-description=\"Mangas ecol\u00f3gicas, Ecofinca Haciendita el Carmen\" href='https:\/\/lahacienditadelcarmen.com\/wp-content\/uploads\/2024\/03\/mangas.jpg'><img loading=\"lazy\" decoding=\"async\" width=\"500\" height=\"300\" src=\"https:\/\/lahacienditadelcarmen.com\/wp-content\/uploads\/2024\/03\/mangas-500x300.jpg\" class=\"attachment-trobica-related-post size-trobica-related-post\" alt=\"\" aria-describedby=\"gallery-2-3136\" \/><\/a>\n\t\t\t<\/div>\n\t\t\t\t<figcaption class='wp-caption-text gallery-caption' id='gallery-2-3136'>\n\t\t\t\tMangas ecol\u00f3gicas, Ecofinca Haciendita el Carmen\n\t\t\t\t<\/figcaption><\/figure><figure class='gallery-item'>\n\t\t\t<div class='gallery-icon landscape'>\n\t\t\t\t<a data-elementor-open-lightbox=\"yes\" data-elementor-lightbox-slideshow=\"38ee9d5b\" data-elementor-lightbox-title=\"Pitaya ecol\u00f3gicas, Ecofinca Haciendita el Carmen\" data-e-action-hash=\"#elementor-action%3Aaction%3Dlightbox%26settings%3DeyJpZCI6MzEzNywidXJsIjoiaHR0cHM6XC9cL2xhaGFjaWVuZGl0YWRlbGNhcm1lbi5jb21cL3dwLWNvbnRlbnRcL3VwbG9hZHNcLzIwMjRcLzAzXC9waXRheWEuanBnIiwic2xpZGVzaG93IjoiMzhlZTlkNWIifQ%3D%3D\" data-elementor-lightbox-description=\"Pitaya ecol\u00f3gicas, Ecofinca Haciendita el Carmen\" href='https:\/\/lahacienditadelcarmen.com\/wp-content\/uploads\/2024\/03\/pitaya.jpg'><img loading=\"lazy\" decoding=\"async\" width=\"500\" height=\"300\" src=\"https:\/\/lahacienditadelcarmen.com\/wp-content\/uploads\/2024\/03\/pitaya-500x300.jpg\" class=\"attachment-trobica-related-post size-trobica-related-post\" alt=\"\" aria-describedby=\"gallery-2-3137\" \/><\/a>\n\t\t\t<\/div>\n\t\t\t\t<figcaption class='wp-caption-text gallery-caption' id='gallery-2-3137'>\n\t\t\t\tPitaya ecol\u00f3gicas, Ecofinca Haciendita el Carmen\n\t\t\t\t<\/figcaption><\/figure><figure class='gallery-item'>\n\t\t\t<div class='gallery-icon landscape'>\n\t\t\t\t<a data-elementor-open-lightbox=\"yes\" data-elementor-lightbox-slideshow=\"38ee9d5b\" data-elementor-lightbox-title=\"fresas ecol\u00f3gicas, Ecofinca Haciendita el Carmen\" data-e-action-hash=\"#elementor-action%3Aaction%3Dlightbox%26settings%3DeyJpZCI6MzEzOCwidXJsIjoiaHR0cHM6XC9cL2xhaGFjaWVuZGl0YWRlbGNhcm1lbi5jb21cL3dwLWNvbnRlbnRcL3VwbG9hZHNcLzIwMjRcLzAzXC9mcmVzYXMuanBnIiwic2xpZGVzaG93IjoiMzhlZTlkNWIifQ%3D%3D\" data-elementor-lightbox-description=\"fresas ecol\u00f3gicas, Ecofinca Haciendita el Carmen\" href='https:\/\/lahacienditadelcarmen.com\/wp-content\/uploads\/2024\/03\/fresas.jpg'><img loading=\"lazy\" decoding=\"async\" width=\"500\" height=\"300\" src=\"https:\/\/lahacienditadelcarmen.com\/wp-content\/uploads\/2024\/03\/fresas-500x300.jpg\" class=\"attachment-trobica-related-post size-trobica-related-post\" alt=\"\" aria-describedby=\"gallery-2-3138\" \/><\/a>\n\t\t\t<\/div>\n\t\t\t\t<figcaption class='wp-caption-text gallery-caption' id='gallery-2-3138'>\n\t\t\t\tfresas ecol\u00f3gicas, Ecofinca Haciendita el Carmen\n\t\t\t\t<\/figcaption><\/figure>\n\t\t<\/div>\n\t\t<\/div>\n\t\t\t\t\t\t<\/div>\n\t\t\t\t<\/div>\n\t\t\t\t\t<\/div>\n\t\t\t\t<\/div>\n\t\t\t\t<\/div>\n\t\t","protected":false},"excerpt":{"rendered":"<p>Sale of organic products Let yourself be seduced by the freshness and quality of our seasonal, 100% organic products! Sello ecol\u00f3gico GLOBALG.A.P. Sello producci\u00f3n ecol\u00f3gica ES-ECO-014-IC Sale of organic products [&hellip;]<\/p>\n","protected":false},"author":1,"featured_media":0,"parent":0,"menu_order":0,"comment_status":"closed","ping_status":"closed","template":"blank-builder.php","meta":{"footnotes":""},"class_list":["post-3181","page","type-page","status-publish","hentry"],"_links":{"self":[{"href":"https:\/\/lahacienditadelcarmen.com\/en\/wp-json\/wp\/v2\/pages\/3181","targetHints":{"allow":["GET"]}}],"collection":[{"href":"https:\/\/lahacienditadelcarmen.com\/en\/wp-json\/wp\/v2\/pages"}],"about":[{"href":"https:\/\/lahacienditadelcarmen.com\/en\/wp-json\/wp\/v2\/types\/page"}],"author":[{"embeddable":true,"href":"https:\/\/lahacienditadelcarmen.com\/en\/wp-json\/wp\/v2\/users\/1"}],"replies":[{"embeddable":true,"href":"https:\/\/lahacienditadelcarmen.com\/en\/wp-json\/wp\/v2\/comments?post=3181"}],"version-history":[{"count":0,"href":"https:\/\/lahacienditadelcarmen.com\/en\/wp-json\/wp\/v2\/pages\/3181\/revisions"}],"wp:attachment":[{"href":"https:\/\/lahacienditadelcarmen.com\/en\/wp-json\/wp\/v2\/media?parent=3181"}],"curies":[{"name":"wp","href":"https:\/\/api.w.org\/{rel}","templated":true}]}}